{"id":433,"date":"2021-01-30T18:41:18","date_gmt":"2021-01-30T17:41:18","guid":{"rendered":"http:\/\/simondiard.fr\/?page_id=433"},"modified":"2022-08-28T11:15:15","modified_gmt":"2022-08-28T09:15:15","slug":"creation-2022","status":"publish","type":"page","link":"https:\/\/simondiard.fr\/?page_id=433","title":{"rendered":"CREATION 2022 \/ PLATEAUX SAUVAGES \/ PARIS"},"content":{"rendered":"\n<p style=\"font-size:15px\">Spectacle cr\u00e9\u00e9 le 21 mars 2022 aux Plateaux Sauvages                                                                                                                          <\/p>\n\n\n\n<p style=\"font-size:15px\">Repr\u00e9sentations du 21 mars au 2 avril aux Plateaux Sauvages et le 5 avril au Th\u00e9\u00e2tre de Chelles<\/p>\n\n\n\n<p style=\"font-size:15px\">Mise en sc\u00e8ne <strong>Luc Cerutti<\/strong><br>Interpr\u00e9tation <strong>Shannen Athiaro-Vidal, Amandine Doistau, Alice Jalleau, Mathieu Lescop, Anthony Martine, Adil Mekki, Delphine Ory et Etienne Thomas<\/strong><br>Cr\u00e9ation lumi\u00e8re et sc\u00e9nographie <strong>Nicolas Marie<\/strong><br>Cr\u00e9ation musicale <strong>Cl\u00e9ment Ducol et Mathieu Lescop<\/strong><br>Mixage <strong>Quentin Rochas<\/strong><br>Stylisme <strong>Olivier Pourcin-Criscuolo<\/strong><br>Dramaturgie <strong>Simon Diard<\/strong><br>Construction d\u00e9cors <strong>Les ateliers de la Com\u00e9die de Saint-\u00c9tienne<\/strong><\/p>\n\n\n\n<p style=\"font-size:15px\">\u00ab\u00a0Comme plusieurs de mes textes, <em>Paranoid Paul<\/em> s\u2019organise autour d\u2019un vide, d\u2019un manque. Ce point aveugle, situ\u00e9 au centre de la pi\u00e8ce, est la surface de projection n\u00e9cessaire au d\u00e9ploiement des r\u00e9cits et des fantasmes des autres personnages. Dans <em>La Fusillade sur une plage d\u2019Allemagne<\/em>, il s\u2019agissait d\u2019une fosse creus\u00e9e dans la terre. Ici, le grand absent, qui plane sur la pi\u00e8ce depuis son titre, se manifeste directement dans le corps et les voix, \u00e0 travers une sorte de rituel o\u00f9 il s\u2019agit d\u2019incarner Paul. Comme des marionnettistes, les personnages s\u2019emparent de lui et lui fa\u00e7onnent une apparence, une voix composite. Ils prennent possession de ce gar\u00e7on dont le spectateur ne sait rien, qu\u2019il n\u2019a jamais vu. Et en le d\u00e9truisant de l\u2019int\u00e9rieur, dans un processus qui s\u2019apparente \u00e0 un geste d\u2019autodestruction finalement, ils nous en disent autant sur leurs propres obsessions et hantises que sur l\u2019image qu\u2019ils se font, ou veulent se faire, de lui. Au point qu\u2019\u00e0 un stade de la pi\u00e8ce, on peut se poser la question de savoir qui est poss\u00e9d\u00e9 par qui.<\/p>\n\n\n\n<p style=\"font-size:15px\">A propos de ce rituel de destruction par la parole et l\u2019imaginaire, acte de violence dont les membres du groupe n\u2019ont pas la m\u00eame conscience, ph\u00e9nom\u00e8ne de d\u00e9foulement collectif suppos\u00e9 b\u00e9nin puisqu\u2019il s\u2019exerce en l\u2019absence de victime, je pense aux ex\u00e9cutions par contumace o\u00f9 sont an\u00e9antis en effigie des mannequins ayant la fonction de repr\u00e9senter la personne condamn\u00e9e. La violence est-elle moins violente parce qu\u2019elle s\u2019exerce virtuellement ?<\/p>\n\n\n\n<p style=\"font-size:15px\">Ce que je trouve passionnant dans l\u2019id\u00e9e de faire jouer Gregg par un interpr\u00e8te plus \u00e2g\u00e9 c\u2019est qu\u2019elle d\u00e9cline, sur un autre plan, ces notions de possession et de manipulation : le personnage face \u00e0 nous est-il hant\u00e9 par l\u2019adolescent qu\u2019il a \u00e9t\u00e9 ? ou le fait-il revivre en m\u00eame temps qu\u2019il rejoue son histoire traumatique ? Gregg est le second centre de gravit\u00e9 de la pi\u00e8ce (\u00e0 moins qu\u2019il ne s\u2019agisse d\u2019un seul et m\u00eame point de fuite puisque Gregg usurpe l\u2019identit\u00e9 de Paul et en le jouant, en le chassant de la sc\u00e8ne, paradoxalement, le place au centre) et cette id\u00e9e de distribution, de mise en sc\u00e8ne, en aucun cas sugg\u00e9r\u00e9e dans la pi\u00e8ce, vient renforcer cette position dominante en faisant de Gregg, organiquement, une sorte de marionnettiste supr\u00eame : il est \u00e0 la fois en surplomb et \u00ab&nbsp;pris&nbsp;\u00bb dans la fable et ses diverses temporalit\u00e9s. Le pr\u00e9sent de la repr\u00e9sentation r\u00e9concilie ces points de vue en apparence contradictoires.\u00a0\u00bb<\/p>\n\n\n\n<p class=\"has-text-align-right\" style=\"font-size:15px\">Simon Diard \u00e0 propos du projet de cr\u00e9ation de Luc Cerutti<\/p>\n\n\n\n<p class=\"has-black-color has-text-color\" style=\"font-size:14px\"><strong><a rel=\"noreferrer noopener\" href=\"https:\/\/lesplateauxsauvages.fr\/luc-cerutti-22\/\" target=\"_blank\">site des Plateaux Sauvages<\/a><\/strong><\/p>\n\n\n\n<p class=\"has-black-color has-text-color\" style=\"font-size:14px\"><strong><a href=\"https:\/\/simondiard.fr\/?page_id=656\" data-type=\"URL\" data-id=\"https:\/\/simondiard.fr\/?page_id=656\">presse<\/a><\/strong><\/p>\n\n\n\n<p class=\"has-text-align-center\">Photographies de Pauline Le Goff<\/p>\n\n\n\n<figure class=\"wp-block-image size-large\"><img loading=\"lazy\" decoding=\"async\" width=\"1024\" height=\"682\" src=\"https:\/\/simondiard.fr\/wp-content\/uploads\/2022\/08\/plg_Paranoid_Paul_WEB-7377-1024x682.jpg\" alt=\"\" class=\"wp-image-892\" srcset=\"https:\/\/simondiard.fr\/wp-content\/uploads\/2022\/08\/plg_Paranoid_Paul_WEB-7377-1024x682.jpg 1024w, https:\/\/simondiard.fr\/wp-content\/uploads\/2022\/08\/plg_Paranoid_Paul_WEB-7377-300x200.jpg 300w, https:\/\/simondiard.fr\/wp-content\/uploads\/2022\/08\/plg_Paranoid_Paul_WEB-7377-768x512.jpg 768w, https:\/\/simondiard.fr\/wp-content\/uploads\/2022\/08\/plg_Paranoid_Paul_WEB-7377-1536x1024.jpg 1536w, https:\/\/simondiard.fr\/wp-content\/uploads\/2022\/08\/plg_Paranoid_Paul_WEB-7377.jpg 2000w\" sizes=\"auto, (max-width: 767px) 89vw, (max-width: 1000px) 54vw, (max-width: 1071px) 543px, 580px\" \/><\/figure>\n\n\n\n<figure class=\"wp-block-image size-large\"><img loading=\"lazy\" decoding=\"async\" width=\"1024\" height=\"682\" src=\"https:\/\/simondiard.fr\/wp-content\/uploads\/2022\/08\/plg_Paranoid_Paul_WEB-7575-1024x682.jpg\" alt=\"\" class=\"wp-image-891\" srcset=\"https:\/\/simondiard.fr\/wp-content\/uploads\/2022\/08\/plg_Paranoid_Paul_WEB-7575-1024x682.jpg 1024w, https:\/\/simondiard.fr\/wp-content\/uploads\/2022\/08\/plg_Paranoid_Paul_WEB-7575-300x200.jpg 300w, https:\/\/simondiard.fr\/wp-content\/uploads\/2022\/08\/plg_Paranoid_Paul_WEB-7575-768x512.jpg 768w, https:\/\/simondiard.fr\/wp-content\/uploads\/2022\/08\/plg_Paranoid_Paul_WEB-7575-1536x1024.jpg 1536w, https:\/\/simondiard.fr\/wp-content\/uploads\/2022\/08\/plg_Paranoid_Paul_WEB-7575.jpg 2000w\" sizes=\"auto, (max-width: 767px) 89vw, (max-width: 1000px) 54vw, (max-width: 1071px) 543px, 580px\" \/><\/figure>\n","protected":false},"excerpt":{"rendered":"<p>Spectacle cr\u00e9\u00e9 le 21 mars 2022 aux Plateaux Sauvages Repr\u00e9sentations du 21 mars au 2 avril aux Plateaux Sauvages et le 5 avril au Th\u00e9\u00e2tre de Chelles Mise en sc\u00e8ne Luc CeruttiInterpr\u00e9tation Shannen Athiaro-Vidal, Amandine Doistau, Alice Jalleau, Mathieu Lescop, Anthony Martine, Adil Mekki, Delphine Ory et Etienne ThomasCr\u00e9ation lumi\u00e8re et sc\u00e9nographie Nicolas MarieCr\u00e9ation musicale &hellip; <\/p>\n<p class=\"link-more\"><a href=\"https:\/\/simondiard.fr\/?page_id=433\" class=\"more-link\">Continuer la lecture<span class=\"screen-reader-text\"> de &laquo;&nbsp;CREATION 2022 \/ PLATEAUX SAUVAGES \/ PARIS&nbsp;&raquo;<\/span><\/a><\/p>\n","protected":false},"author":1,"featured_media":829,"parent":0,"menu_order":0,"comment_status":"closed","ping_status":"closed","template":"","meta":{"footnotes":""},"class_list":["post-433","page","type-page","status-publish","has-post-thumbnail","hentry"],"_links":{"self":[{"href":"https:\/\/simondiard.fr\/index.php?rest_route=\/wp\/v2\/pages\/433","targetHints":{"allow":["GET"]}}],"collection":[{"href":"https:\/\/simondiard.fr\/index.php?rest_route=\/wp\/v2\/pages"}],"about":[{"href":"https:\/\/simondiard.fr\/index.php?rest_route=\/wp\/v2\/types\/page"}],"author":[{"embeddable":true,"href":"https:\/\/simondiard.fr\/index.php?rest_route=\/wp\/v2\/users\/1"}],"replies":[{"embeddable":true,"href":"https:\/\/simondiard.fr\/index.php?rest_route=%2Fwp%2Fv2%2Fcomments&post=433"}],"version-history":[{"count":33,"href":"https:\/\/simondiard.fr\/index.php?rest_route=\/wp\/v2\/pages\/433\/revisions"}],"predecessor-version":[{"id":906,"href":"https:\/\/simondiard.fr\/index.php?rest_route=\/wp\/v2\/pages\/433\/revisions\/906"}],"wp:featuredmedia":[{"embeddable":true,"href":"https:\/\/simondiard.fr\/index.php?rest_route=\/wp\/v2\/media\/829"}],"wp:attachment":[{"href":"https:\/\/simondiard.fr\/index.php?rest_route=%2Fwp%2Fv2%2Fmedia&parent=433"}],"curies":[{"name":"wp","href":"https:\/\/api.w.org\/{rel}","templated":true}]}}