{"id":864,"date":"2022-08-27T23:44:03","date_gmt":"2022-08-27T21:44:03","guid":{"rendered":"https:\/\/simondiard.fr\/?page_id=864"},"modified":"2024-11-06T12:43:04","modified_gmt":"2024-11-06T11:43:04","slug":"paranoid-paul-bastien-semenzato","status":"publish","type":"page","link":"https:\/\/simondiard.fr\/?page_id=864","title":{"rendered":"CREATION 2022 \/ TH\u00c9\u00c2TRE SAINT-GERVAIS \/ GEN\u00c8VE"},"content":{"rendered":"\n<p style=\"font-size:15px\">Spectacle cr\u00e9\u00e9 le 26 avril 2022 au Th\u00e9\u00e2tre Saint-Gervais, Gen\u00e8ve                                                                                                                          <\/p>\n\n\n\n<p style=\"font-size:15px\">Repr\u00e9sentations du 26 avril au 4 mai au Th\u00e9\u00e2tre Saint-Gervais et le 7 mai au Spot &#8211; Sion <\/p>\n\n\n\n<p style=\"font-size:15px\">Mise en sc\u00e8ne <strong>Bastien Semenzato<\/strong><br>Interpr\u00e9tation <strong>Coline Bardin, Davide Brancato, Estelle Bridet, Azelyne Cartigny, Antonin No\u00ebl, Georgia Rushton<\/strong><br>Costumes<strong> Marie Bajenova<\/strong><br>Cr\u00e9ation sonore <strong>Andr\u00e8s Garcia<\/strong><br>Cr\u00e9ation lumi\u00e8re <strong>Joana Oliveira, L\u00e9o Garcia<\/strong><br>Sc\u00e9nographie et construction <strong>Pavillon Trois<\/strong><\/p>\n\n\n\n<p><strong><a href=\"https:\/\/saintgervais.ch\/spectacle\/paranoid-paul\/\" data-type=\"URL\" data-id=\"https:\/\/saintgervais.ch\/spectacle\/paranoid-paul\/\" target=\"_blank\" rel=\"noreferrer noopener\">site du Th\u00e9\u00e2tre Saint-Gervais<\/a><\/strong><\/p>\n\n\n\n<p class=\"has-text-align-center\" style=\"font-size:15px\">Photographies de Doroth\u00e9e Th\u00e9bert Filliger<\/p>\n\n\n\n<figure class=\"wp-block-image size-large\"><img loading=\"lazy\" decoding=\"async\" width=\"1024\" height=\"683\" src=\"https:\/\/simondiard.fr\/wp-content\/uploads\/2022\/08\/ParanoidPaul-HD-3251-1024x683.jpg\" alt=\"\" class=\"wp-image-910\" srcset=\"https:\/\/simondiard.fr\/wp-content\/uploads\/2022\/08\/ParanoidPaul-HD-3251-1024x683.jpg 1024w, https:\/\/simondiard.fr\/wp-content\/uploads\/2022\/08\/ParanoidPaul-HD-3251-300x200.jpg 300w, https:\/\/simondiard.fr\/wp-content\/uploads\/2022\/08\/ParanoidPaul-HD-3251-768x512.jpg 768w, https:\/\/simondiard.fr\/wp-content\/uploads\/2022\/08\/ParanoidPaul-HD-3251-1536x1024.jpg 1536w, https:\/\/simondiard.fr\/wp-content\/uploads\/2022\/08\/ParanoidPaul-HD-3251-2048x1365.jpg 2048w\" sizes=\"auto, (max-width: 767px) 89vw, (max-width: 1000px) 54vw, (max-width: 1071px) 543px, 580px\" \/><\/figure>\n","protected":false},"excerpt":{"rendered":"<p>Spectacle cr\u00e9\u00e9 le 26 avril 2022 au Th\u00e9\u00e2tre Saint-Gervais, Gen\u00e8ve Repr\u00e9sentations du 26 avril au 4 mai au Th\u00e9\u00e2tre Saint-Gervais et le 7 mai au Spot &#8211; Sion Mise en sc\u00e8ne Bastien SemenzatoInterpr\u00e9tation Coline Bardin, Davide Brancato, Estelle Bridet, Azelyne Cartigny, Antonin No\u00ebl, Georgia RushtonCostumes Marie BajenovaCr\u00e9ation sonore Andr\u00e8s GarciaCr\u00e9ation lumi\u00e8re Joana Oliveira, L\u00e9o GarciaSc\u00e9nographie &hellip; <\/p>\n<p class=\"link-more\"><a href=\"https:\/\/simondiard.fr\/?page_id=864\" class=\"more-link\">Continuer la lecture<span class=\"screen-reader-text\"> de &laquo;&nbsp;CREATION 2022 \/ TH\u00c9\u00c2TRE SAINT-GERVAIS \/ GEN\u00c8VE&nbsp;&raquo;<\/span><\/a><\/p>\n","protected":false},"author":1,"featured_media":868,"parent":0,"menu_order":0,"comment_status":"closed","ping_status":"closed","template":"","meta":{"footnotes":""},"class_list":["post-864","page","type-page","status-publish","has-post-thumbnail","hentry"],"_links":{"self":[{"href":"https:\/\/simondiard.fr\/index.php?rest_route=\/wp\/v2\/pages\/864","targetHints":{"allow":["GET"]}}],"collection":[{"href":"https:\/\/simondiard.fr\/index.php?rest_route=\/wp\/v2\/pages"}],"about":[{"href":"https:\/\/simondiard.fr\/index.php?rest_route=\/wp\/v2\/types\/page"}],"author":[{"embeddable":true,"href":"https:\/\/simondiard.fr\/index.php?rest_route=\/wp\/v2\/users\/1"}],"replies":[{"embeddable":true,"href":"https:\/\/simondiard.fr\/index.php?rest_route=%2Fwp%2Fv2%2Fcomments&post=864"}],"version-history":[{"count":13,"href":"https:\/\/simondiard.fr\/index.php?rest_route=\/wp\/v2\/pages\/864\/revisions"}],"predecessor-version":[{"id":1152,"href":"https:\/\/simondiard.fr\/index.php?rest_route=\/wp\/v2\/pages\/864\/revisions\/1152"}],"wp:featuredmedia":[{"embeddable":true,"href":"https:\/\/simondiard.fr\/index.php?rest_route=\/wp\/v2\/media\/868"}],"wp:attachment":[{"href":"https:\/\/simondiard.fr\/index.php?rest_route=%2Fwp%2Fv2%2Fmedia&parent=864"}],"curies":[{"name":"wp","href":"https:\/\/api.w.org\/{rel}","templated":true}]}}